{"id":3427,"date":"2021-02-21T12:38:55","date_gmt":"2021-02-21T12:38:55","guid":{"rendered":"https:\/\/functiontranslator.com\/?page_id=3427"},"modified":"2021-02-21T12:38:55","modified_gmt":"2021-02-21T12:38:55","slug":"home","status":"publish","type":"page","link":"https:\/\/functiontranslator.com\/da\/","title":{"rendered":"Home"},"content":{"rendered":"","protected":false},"excerpt":{"rendered":"","protected":false},"author":1,"featured_media":0,"parent":0,"menu_order":0,"comment_status":"closed","ping_status":"closed","template":"page-home.php","meta":{"footnotes":""},"class_list":["post-3427","page","type-page","status-publish","hentry"],"acf":[],"yoast_head":"<!-- This site is optimized with the Yoast SEO plugin v23.8 - https:\/\/yoast.com\/wordpress\/plugins\/seo\/ -->\n<title>Excel fungerer med dansk overs\u00e6ttelse<\/title>\n<meta name=\"description\" content=\"Liste over funktioner med Excel med overs\u00e6ttelser p\u00e5 32 sprog. Online overs\u00e6ttelser af funktioner.\" \/>\n<meta name=\"robots\" content=\"index, follow, max-snippet:-1, max-image-preview:large, max-video-preview:-1\" \/>\n<link rel=\"canonical\" href=\"https:\/\/functiontranslator.com\/da\/\" \/>\n<meta property=\"og:locale\" content=\"da_DK\" \/>\n<meta property=\"og:type\" content=\"article\" \/>\n<meta property=\"og:title\" content=\"Excel fungerer med dansk overs\u00e6ttelse\" \/>\n<meta property=\"og:description\" content=\"Liste over funktioner med Excel med overs\u00e6ttelser p\u00e5 32 sprog. Online overs\u00e6ttelser af funktioner.\" \/>\n<meta property=\"og:url\" content=\"https:\/\/functiontranslator.com\/da\/\" \/>\n<meta property=\"og:site_name\" content=\"Function Translator\" \/>\n<meta name=\"twitter:card\" content=\"summary_large_image\" \/>\n<script type=\"application\/ld+json\" class=\"yoast-schema-graph\">{\"@context\":\"https:\/\/schema.org\",\"@graph\":[{\"@type\":\"WebPage\",\"@id\":\"https:\/\/functiontranslator.com\/da\/\",\"url\":\"https:\/\/functiontranslator.com\/da\/\",\"name\":\"Excel fungerer med dansk overs\u00e6ttelse\",\"isPartOf\":{\"@id\":\"https:\/\/functiontranslator.com\/no\/#website\"},\"datePublished\":\"2021-02-21T12:38:55+00:00\",\"dateModified\":\"2021-02-21T12:38:55+00:00\",\"description\":\"Liste over funktioner med Excel med overs\u00e6ttelser p\u00e5 32 sprog. Online overs\u00e6ttelser af funktioner.\",\"breadcrumb\":{\"@id\":\"https:\/\/functiontranslator.com\/da\/#breadcrumb\"},\"inLanguage\":\"da-DK\",\"potentialAction\":[{\"@type\":\"ReadAction\",\"target\":[\"https:\/\/functiontranslator.com\/da\/\"]}]},{\"@type\":\"BreadcrumbList\",\"@id\":\"https:\/\/functiontranslator.com\/da\/#breadcrumb\",\"itemListElement\":[{\"@type\":\"ListItem\",\"position\":1,\"name\":\"Excel-funktioner\",\"item\":\"https:\/\/functiontranslator.com\/da\/\"},{\"@type\":\"ListItem\",\"position\":2,\"name\":\"Home\"}]},{\"@type\":\"WebSite\",\"@id\":\"https:\/\/functiontranslator.com\/no\/#website\",\"url\":\"https:\/\/functiontranslator.com\/no\/\",\"name\":\"Function Translator\",\"description\":\"Excel function translator\",\"potentialAction\":[{\"@type\":\"SearchAction\",\"target\":{\"@type\":\"EntryPoint\",\"urlTemplate\":\"https:\/\/functiontranslator.com\/no\/?s={search_term_string}\"},\"query-input\":{\"@type\":\"PropertyValueSpecification\",\"valueRequired\":true,\"valueName\":\"search_term_string\"}}],\"inLanguage\":\"da-DK\"}]}<\/script>\n<!-- \/ Yoast SEO plugin. -->","yoast_head_json":{"title":"Excel fungerer med dansk overs\u00e6ttelse","description":"Liste over funktioner med Excel med overs\u00e6ttelser p\u00e5 32 sprog. Online overs\u00e6ttelser af funktioner.","robots":{"index":"index","follow":"follow","max-snippet":"max-snippet:-1","max-image-preview":"max-image-preview:large","max-video-preview":"max-video-preview:-1"},"canonical":"https:\/\/functiontranslator.com\/da\/","og_locale":"da_DK","og_type":"article","og_title":"Excel fungerer med dansk overs\u00e6ttelse","og_description":"Liste over funktioner med Excel med overs\u00e6ttelser p\u00e5 32 sprog. Online overs\u00e6ttelser af funktioner.","og_url":"https:\/\/functiontranslator.com\/da\/","og_site_name":"Function Translator","twitter_card":"summary_large_image","schema":{"@context":"https:\/\/schema.org","@graph":[{"@type":"WebPage","@id":"https:\/\/functiontranslator.com\/da\/","url":"https:\/\/functiontranslator.com\/da\/","name":"Excel fungerer med dansk overs\u00e6ttelse","isPartOf":{"@id":"https:\/\/functiontranslator.com\/no\/#website"},"datePublished":"2021-02-21T12:38:55+00:00","dateModified":"2021-02-21T12:38:55+00:00","description":"Liste over funktioner med Excel med overs\u00e6ttelser p\u00e5 32 sprog. Online overs\u00e6ttelser af funktioner.","breadcrumb":{"@id":"https:\/\/functiontranslator.com\/da\/#breadcrumb"},"inLanguage":"da-DK","potentialAction":[{"@type":"ReadAction","target":["https:\/\/functiontranslator.com\/da\/"]}]},{"@type":"BreadcrumbList","@id":"https:\/\/functiontranslator.com\/da\/#breadcrumb","itemListElement":[{"@type":"ListItem","position":1,"name":"Excel-funktioner","item":"https:\/\/functiontranslator.com\/da\/"},{"@type":"ListItem","position":2,"name":"Home"}]},{"@type":"WebSite","@id":"https:\/\/functiontranslator.com\/no\/#website","url":"https:\/\/functiontranslator.com\/no\/","name":"Function Translator","description":"Excel function translator","potentialAction":[{"@type":"SearchAction","target":{"@type":"EntryPoint","urlTemplate":"https:\/\/functiontranslator.com\/no\/?s={search_term_string}"},"query-input":{"@type":"PropertyValueSpecification","valueRequired":true,"valueName":"search_term_string"}}],"inLanguage":"da-DK"}]}},"_links":{"self":[{"href":"https:\/\/functiontranslator.com\/da\/wp-json\/wp\/v2\/pages\/3427","targetHints":{"allow":["GET"]}}],"collection":[{"href":"https:\/\/functiontranslator.com\/da\/wp-json\/wp\/v2\/pages"}],"about":[{"href":"https:\/\/functiontranslator.com\/da\/wp-json\/wp\/v2\/types\/page"}],"author":[{"embeddable":true,"href":"https:\/\/functiontranslator.com\/da\/wp-json\/wp\/v2\/users\/1"}],"replies":[{"embeddable":true,"href":"https:\/\/functiontranslator.com\/da\/wp-json\/wp\/v2\/comments?post=3427"}],"version-history":[{"count":1,"href":"https:\/\/functiontranslator.com\/da\/wp-json\/wp\/v2\/pages\/3427\/revisions"}],"predecessor-version":[{"id":3482,"href":"https:\/\/functiontranslator.com\/da\/wp-json\/wp\/v2\/pages\/3427\/revisions\/3482"}],"wp:attachment":[{"href":"https:\/\/functiontranslator.com\/da\/wp-json\/wp\/v2\/media?parent=3427"}],"curies":[{"name":"wp","href":"https:\/\/api.w.org\/{rel}","templated":true}]}}