{"id":6868,"date":"2021-02-21T17:49:02","date_gmt":"2021-02-21T17:49:02","guid":{"rendered":"https:\/\/functiontranslator.com\/?page_id=6868"},"modified":"2021-02-21T17:49:02","modified_gmt":"2021-02-21T17:49:02","slug":"home","status":"publish","type":"page","link":"https:\/\/functiontranslator.com\/de\/","title":{"rendered":"Home"},"content":{"rendered":"","protected":false},"excerpt":{"rendered":"","protected":false},"author":1,"featured_media":0,"parent":0,"menu_order":0,"comment_status":"closed","ping_status":"closed","template":"page-home.php","meta":{"footnotes":""},"class_list":["post-6868","page","type-page","status-publish","hentry"],"acf":[],"yoast_head":"<!-- This site is optimized with the Yoast SEO plugin v23.8 - https:\/\/yoast.com\/wordpress\/plugins\/seo\/ -->\n<title>Excel funktioniert mit englischer \u00dcbersetzung<\/title>\n<meta name=\"description\" content=\"Liste der Funktionen mit Excel mit \u00dcbersetzungen in 32 Sprachen. Online-\u00dcbersetzungen von Funktionen.\" \/>\n<meta name=\"robots\" content=\"index, follow, max-snippet:-1, max-image-preview:large, max-video-preview:-1\" \/>\n<link rel=\"canonical\" href=\"https:\/\/functiontranslator.com\/de\/\" \/>\n<meta property=\"og:locale\" content=\"de_DE\" \/>\n<meta property=\"og:type\" content=\"article\" \/>\n<meta property=\"og:title\" content=\"Excel funktioniert mit englischer \u00dcbersetzung\" \/>\n<meta property=\"og:description\" content=\"Liste der Funktionen mit Excel mit \u00dcbersetzungen in 32 Sprachen. Online-\u00dcbersetzungen von Funktionen.\" \/>\n<meta property=\"og:url\" content=\"https:\/\/functiontranslator.com\/de\/\" \/>\n<meta property=\"og:site_name\" content=\"Function Translator\" \/>\n<meta name=\"twitter:card\" content=\"summary_large_image\" \/>\n<script type=\"application\/ld+json\" class=\"yoast-schema-graph\">{\"@context\":\"https:\/\/schema.org\",\"@graph\":[{\"@type\":\"WebPage\",\"@id\":\"https:\/\/functiontranslator.com\/de\/\",\"url\":\"https:\/\/functiontranslator.com\/de\/\",\"name\":\"Excel funktioniert mit englischer \u00dcbersetzung\",\"isPartOf\":{\"@id\":\"https:\/\/functiontranslator.com\/no\/#website\"},\"datePublished\":\"2021-02-21T17:49:02+00:00\",\"dateModified\":\"2021-02-21T17:49:02+00:00\",\"description\":\"Liste der Funktionen mit Excel mit \u00dcbersetzungen in 32 Sprachen. Online-\u00dcbersetzungen von Funktionen.\",\"breadcrumb\":{\"@id\":\"https:\/\/functiontranslator.com\/de\/#breadcrumb\"},\"inLanguage\":\"de\",\"potentialAction\":[{\"@type\":\"ReadAction\",\"target\":[\"https:\/\/functiontranslator.com\/de\/\"]}]},{\"@type\":\"BreadcrumbList\",\"@id\":\"https:\/\/functiontranslator.com\/de\/#breadcrumb\",\"itemListElement\":[{\"@type\":\"ListItem\",\"position\":1,\"name\":\"Excel-Funktionen\",\"item\":\"https:\/\/functiontranslator.com\/de\/\"},{\"@type\":\"ListItem\",\"position\":2,\"name\":\"Home\"}]},{\"@type\":\"WebSite\",\"@id\":\"https:\/\/functiontranslator.com\/no\/#website\",\"url\":\"https:\/\/functiontranslator.com\/no\/\",\"name\":\"Function Translator\",\"description\":\"Excel function translator\",\"potentialAction\":[{\"@type\":\"SearchAction\",\"target\":{\"@type\":\"EntryPoint\",\"urlTemplate\":\"https:\/\/functiontranslator.com\/no\/?s={search_term_string}\"},\"query-input\":{\"@type\":\"PropertyValueSpecification\",\"valueRequired\":true,\"valueName\":\"search_term_string\"}}],\"inLanguage\":\"de\"}]}<\/script>\n<!-- \/ Yoast SEO plugin. -->","yoast_head_json":{"title":"Excel funktioniert mit englischer \u00dcbersetzung","description":"Liste der Funktionen mit Excel mit \u00dcbersetzungen in 32 Sprachen. Online-\u00dcbersetzungen von Funktionen.","robots":{"index":"index","follow":"follow","max-snippet":"max-snippet:-1","max-image-preview":"max-image-preview:large","max-video-preview":"max-video-preview:-1"},"canonical":"https:\/\/functiontranslator.com\/de\/","og_locale":"de_DE","og_type":"article","og_title":"Excel funktioniert mit englischer \u00dcbersetzung","og_description":"Liste der Funktionen mit Excel mit \u00dcbersetzungen in 32 Sprachen. Online-\u00dcbersetzungen von Funktionen.","og_url":"https:\/\/functiontranslator.com\/de\/","og_site_name":"Function Translator","twitter_card":"summary_large_image","schema":{"@context":"https:\/\/schema.org","@graph":[{"@type":"WebPage","@id":"https:\/\/functiontranslator.com\/de\/","url":"https:\/\/functiontranslator.com\/de\/","name":"Excel funktioniert mit englischer \u00dcbersetzung","isPartOf":{"@id":"https:\/\/functiontranslator.com\/no\/#website"},"datePublished":"2021-02-21T17:49:02+00:00","dateModified":"2021-02-21T17:49:02+00:00","description":"Liste der Funktionen mit Excel mit \u00dcbersetzungen in 32 Sprachen. Online-\u00dcbersetzungen von Funktionen.","breadcrumb":{"@id":"https:\/\/functiontranslator.com\/de\/#breadcrumb"},"inLanguage":"de","potentialAction":[{"@type":"ReadAction","target":["https:\/\/functiontranslator.com\/de\/"]}]},{"@type":"BreadcrumbList","@id":"https:\/\/functiontranslator.com\/de\/#breadcrumb","itemListElement":[{"@type":"ListItem","position":1,"name":"Excel-Funktionen","item":"https:\/\/functiontranslator.com\/de\/"},{"@type":"ListItem","position":2,"name":"Home"}]},{"@type":"WebSite","@id":"https:\/\/functiontranslator.com\/no\/#website","url":"https:\/\/functiontranslator.com\/no\/","name":"Function Translator","description":"Excel function translator","potentialAction":[{"@type":"SearchAction","target":{"@type":"EntryPoint","urlTemplate":"https:\/\/functiontranslator.com\/no\/?s={search_term_string}"},"query-input":{"@type":"PropertyValueSpecification","valueRequired":true,"valueName":"search_term_string"}}],"inLanguage":"de"}]}},"_links":{"self":[{"href":"https:\/\/functiontranslator.com\/de\/wp-json\/wp\/v2\/pages\/6868","targetHints":{"allow":["GET"]}}],"collection":[{"href":"https:\/\/functiontranslator.com\/de\/wp-json\/wp\/v2\/pages"}],"about":[{"href":"https:\/\/functiontranslator.com\/de\/wp-json\/wp\/v2\/types\/page"}],"author":[{"embeddable":true,"href":"https:\/\/functiontranslator.com\/de\/wp-json\/wp\/v2\/users\/1"}],"replies":[{"embeddable":true,"href":"https:\/\/functiontranslator.com\/de\/wp-json\/wp\/v2\/comments?post=6868"}],"version-history":[{"count":1,"href":"https:\/\/functiontranslator.com\/de\/wp-json\/wp\/v2\/pages\/6868\/revisions"}],"predecessor-version":[{"id":6909,"href":"https:\/\/functiontranslator.com\/de\/wp-json\/wp\/v2\/pages\/6868\/revisions\/6909"}],"wp:attachment":[{"href":"https:\/\/functiontranslator.com\/de\/wp-json\/wp\/v2\/media?parent=6868"}],"curies":[{"name":"wp","href":"https:\/\/api.w.org\/{rel}","templated":true}]}}