{"id":5892,"date":"2021-02-21T15:54:24","date_gmt":"2021-02-21T15:54:24","guid":{"rendered":"https:\/\/functiontranslator.com\/?page_id=5892"},"modified":"2021-02-21T15:54:24","modified_gmt":"2021-02-21T15:54:24","slug":"home","status":"publish","type":"page","link":"https:\/\/functiontranslator.com\/fi\/","title":{"rendered":"Home"},"content":{"rendered":"","protected":false},"excerpt":{"rendered":"","protected":false},"author":1,"featured_media":0,"parent":0,"menu_order":0,"comment_status":"closed","ping_status":"closed","template":"page-home.php","meta":{"footnotes":""},"class_list":["post-5892","page","type-page","status-publish","hentry"],"acf":[],"yoast_head":"<!-- This site is optimized with the Yoast SEO plugin v23.8 - https:\/\/yoast.com\/wordpress\/plugins\/seo\/ -->\n<title>Excel-toiminnot englanninkielisell\u00e4 k\u00e4\u00e4nn\u00f6ksell\u00e4<\/title>\n<meta name=\"description\" content=\"Luettelo toiminnoista, joissa on Excel ja k\u00e4\u00e4nn\u00f6kset 32 kielell\u00e4. Toimintojen online-k\u00e4\u00e4nn\u00f6kset.\" \/>\n<meta name=\"robots\" content=\"index, follow, max-snippet:-1, max-image-preview:large, max-video-preview:-1\" \/>\n<link rel=\"canonical\" href=\"https:\/\/functiontranslator.com\/fi\/\" \/>\n<meta property=\"og:locale\" content=\"fi_FI\" \/>\n<meta property=\"og:type\" content=\"article\" \/>\n<meta property=\"og:title\" content=\"Excel-toiminnot englanninkielisell\u00e4 k\u00e4\u00e4nn\u00f6ksell\u00e4\" \/>\n<meta property=\"og:description\" content=\"Luettelo toiminnoista, joissa on Excel ja k\u00e4\u00e4nn\u00f6kset 32 kielell\u00e4. Toimintojen online-k\u00e4\u00e4nn\u00f6kset.\" \/>\n<meta property=\"og:url\" content=\"https:\/\/functiontranslator.com\/fi\/\" \/>\n<meta property=\"og:site_name\" content=\"Function Translator\" \/>\n<meta name=\"twitter:card\" content=\"summary_large_image\" \/>\n<script type=\"application\/ld+json\" class=\"yoast-schema-graph\">{\"@context\":\"https:\/\/schema.org\",\"@graph\":[{\"@type\":\"WebPage\",\"@id\":\"https:\/\/functiontranslator.com\/fi\/\",\"url\":\"https:\/\/functiontranslator.com\/fi\/\",\"name\":\"Excel-toiminnot englanninkielisell\u00e4 k\u00e4\u00e4nn\u00f6ksell\u00e4\",\"isPartOf\":{\"@id\":\"https:\/\/functiontranslator.com\/no\/#website\"},\"datePublished\":\"2021-02-21T15:54:24+00:00\",\"dateModified\":\"2021-02-21T15:54:24+00:00\",\"description\":\"Luettelo toiminnoista, joissa on Excel ja k\u00e4\u00e4nn\u00f6kset 32 kielell\u00e4. Toimintojen online-k\u00e4\u00e4nn\u00f6kset.\",\"breadcrumb\":{\"@id\":\"https:\/\/functiontranslator.com\/fi\/#breadcrumb\"},\"inLanguage\":\"fi\",\"potentialAction\":[{\"@type\":\"ReadAction\",\"target\":[\"https:\/\/functiontranslator.com\/fi\/\"]}]},{\"@type\":\"BreadcrumbList\",\"@id\":\"https:\/\/functiontranslator.com\/fi\/#breadcrumb\",\"itemListElement\":[{\"@type\":\"ListItem\",\"position\":1,\"name\":\"Excel-toiminnot\",\"item\":\"https:\/\/functiontranslator.com\/fi\/\"},{\"@type\":\"ListItem\",\"position\":2,\"name\":\"Home\"}]},{\"@type\":\"WebSite\",\"@id\":\"https:\/\/functiontranslator.com\/no\/#website\",\"url\":\"https:\/\/functiontranslator.com\/no\/\",\"name\":\"Function Translator\",\"description\":\"Excel function translator\",\"potentialAction\":[{\"@type\":\"SearchAction\",\"target\":{\"@type\":\"EntryPoint\",\"urlTemplate\":\"https:\/\/functiontranslator.com\/no\/?s={search_term_string}\"},\"query-input\":{\"@type\":\"PropertyValueSpecification\",\"valueRequired\":true,\"valueName\":\"search_term_string\"}}],\"inLanguage\":\"fi\"}]}<\/script>\n<!-- \/ Yoast SEO plugin. -->","yoast_head_json":{"title":"Excel-toiminnot englanninkielisell\u00e4 k\u00e4\u00e4nn\u00f6ksell\u00e4","description":"Luettelo toiminnoista, joissa on Excel ja k\u00e4\u00e4nn\u00f6kset 32 kielell\u00e4. Toimintojen online-k\u00e4\u00e4nn\u00f6kset.","robots":{"index":"index","follow":"follow","max-snippet":"max-snippet:-1","max-image-preview":"max-image-preview:large","max-video-preview":"max-video-preview:-1"},"canonical":"https:\/\/functiontranslator.com\/fi\/","og_locale":"fi_FI","og_type":"article","og_title":"Excel-toiminnot englanninkielisell\u00e4 k\u00e4\u00e4nn\u00f6ksell\u00e4","og_description":"Luettelo toiminnoista, joissa on Excel ja k\u00e4\u00e4nn\u00f6kset 32 kielell\u00e4. Toimintojen online-k\u00e4\u00e4nn\u00f6kset.","og_url":"https:\/\/functiontranslator.com\/fi\/","og_site_name":"Function Translator","twitter_card":"summary_large_image","schema":{"@context":"https:\/\/schema.org","@graph":[{"@type":"WebPage","@id":"https:\/\/functiontranslator.com\/fi\/","url":"https:\/\/functiontranslator.com\/fi\/","name":"Excel-toiminnot englanninkielisell\u00e4 k\u00e4\u00e4nn\u00f6ksell\u00e4","isPartOf":{"@id":"https:\/\/functiontranslator.com\/no\/#website"},"datePublished":"2021-02-21T15:54:24+00:00","dateModified":"2021-02-21T15:54:24+00:00","description":"Luettelo toiminnoista, joissa on Excel ja k\u00e4\u00e4nn\u00f6kset 32 kielell\u00e4. Toimintojen online-k\u00e4\u00e4nn\u00f6kset.","breadcrumb":{"@id":"https:\/\/functiontranslator.com\/fi\/#breadcrumb"},"inLanguage":"fi","potentialAction":[{"@type":"ReadAction","target":["https:\/\/functiontranslator.com\/fi\/"]}]},{"@type":"BreadcrumbList","@id":"https:\/\/functiontranslator.com\/fi\/#breadcrumb","itemListElement":[{"@type":"ListItem","position":1,"name":"Excel-toiminnot","item":"https:\/\/functiontranslator.com\/fi\/"},{"@type":"ListItem","position":2,"name":"Home"}]},{"@type":"WebSite","@id":"https:\/\/functiontranslator.com\/no\/#website","url":"https:\/\/functiontranslator.com\/no\/","name":"Function Translator","description":"Excel function translator","potentialAction":[{"@type":"SearchAction","target":{"@type":"EntryPoint","urlTemplate":"https:\/\/functiontranslator.com\/no\/?s={search_term_string}"},"query-input":{"@type":"PropertyValueSpecification","valueRequired":true,"valueName":"search_term_string"}}],"inLanguage":"fi"}]}},"_links":{"self":[{"href":"https:\/\/functiontranslator.com\/fi\/wp-json\/wp\/v2\/pages\/5892","targetHints":{"allow":["GET"]}}],"collection":[{"href":"https:\/\/functiontranslator.com\/fi\/wp-json\/wp\/v2\/pages"}],"about":[{"href":"https:\/\/functiontranslator.com\/fi\/wp-json\/wp\/v2\/types\/page"}],"author":[{"embeddable":true,"href":"https:\/\/functiontranslator.com\/fi\/wp-json\/wp\/v2\/users\/1"}],"replies":[{"embeddable":true,"href":"https:\/\/functiontranslator.com\/fi\/wp-json\/wp\/v2\/comments?post=5892"}],"version-history":[{"count":1,"href":"https:\/\/functiontranslator.com\/fi\/wp-json\/wp\/v2\/pages\/5892\/revisions"}],"predecessor-version":[{"id":5893,"href":"https:\/\/functiontranslator.com\/fi\/wp-json\/wp\/v2\/pages\/5892\/revisions\/5893"}],"wp:attachment":[{"href":"https:\/\/functiontranslator.com\/fi\/wp-json\/wp\/v2\/media?parent=5892"}],"curies":[{"name":"wp","href":"https:\/\/api.w.org\/{rel}","templated":true}]}}