{"id":9653,"date":"2021-02-22T05:32:20","date_gmt":"2021-02-22T05:32:20","guid":{"rendered":"https:\/\/functiontranslator.com\/?page_id=9653"},"modified":"2021-02-22T05:32:20","modified_gmt":"2021-02-22T05:32:20","slug":"home","status":"publish","type":"page","link":"https:\/\/functiontranslator.com\/lv\/","title":{"rendered":"Home"},"content":{"rendered":"","protected":false},"excerpt":{"rendered":"","protected":false},"author":1,"featured_media":0,"parent":0,"menu_order":0,"comment_status":"closed","ping_status":"closed","template":"page-home.php","meta":{"footnotes":""},"class_list":["post-9653","page","type-page","status-publish","hentry"],"acf":[],"yoast_head":"<!-- This site is optimized with the Yoast SEO plugin v23.8 - https:\/\/yoast.com\/wordpress\/plugins\/seo\/ -->\n<title>Excel funkcijas ar tulkojumu ang\u013cu valod\u0101<\/title>\n<meta name=\"description\" content=\"Funkciju saraksts ar Excel ar tulkojumiem 32 valod\u0101s. Funkciju tulkojumi tie\u0161saist\u0113.\" \/>\n<meta name=\"robots\" content=\"index, follow, max-snippet:-1, max-image-preview:large, max-video-preview:-1\" \/>\n<link rel=\"canonical\" href=\"https:\/\/functiontranslator.com\/lv\/\" \/>\n<meta property=\"og:locale\" content=\"lv_LV\" \/>\n<meta property=\"og:type\" content=\"article\" \/>\n<meta property=\"og:title\" content=\"Excel funkcijas ar tulkojumu ang\u013cu valod\u0101\" \/>\n<meta property=\"og:description\" content=\"Funkciju saraksts ar Excel ar tulkojumiem 32 valod\u0101s. Funkciju tulkojumi tie\u0161saist\u0113.\" \/>\n<meta property=\"og:url\" content=\"https:\/\/functiontranslator.com\/lv\/\" \/>\n<meta property=\"og:site_name\" content=\"Function Translator\" \/>\n<meta name=\"twitter:card\" content=\"summary_large_image\" \/>\n<script type=\"application\/ld+json\" class=\"yoast-schema-graph\">{\"@context\":\"https:\/\/schema.org\",\"@graph\":[{\"@type\":\"WebPage\",\"@id\":\"https:\/\/functiontranslator.com\/lv\/\",\"url\":\"https:\/\/functiontranslator.com\/lv\/\",\"name\":\"Excel funkcijas ar tulkojumu ang\u013cu valod\u0101\",\"isPartOf\":{\"@id\":\"https:\/\/functiontranslator.com\/no\/#website\"},\"datePublished\":\"2021-02-22T05:32:20+00:00\",\"dateModified\":\"2021-02-22T05:32:20+00:00\",\"description\":\"Funkciju saraksts ar Excel ar tulkojumiem 32 valod\u0101s. Funkciju tulkojumi tie\u0161saist\u0113.\",\"breadcrumb\":{\"@id\":\"https:\/\/functiontranslator.com\/lv\/#breadcrumb\"},\"inLanguage\":\"lv-LV\",\"potentialAction\":[{\"@type\":\"ReadAction\",\"target\":[\"https:\/\/functiontranslator.com\/lv\/\"]}]},{\"@type\":\"BreadcrumbList\",\"@id\":\"https:\/\/functiontranslator.com\/lv\/#breadcrumb\",\"itemListElement\":[{\"@type\":\"ListItem\",\"position\":1,\"name\":\"Excel funkcijas\",\"item\":\"https:\/\/functiontranslator.com\/lv\/\"},{\"@type\":\"ListItem\",\"position\":2,\"name\":\"Home\"}]},{\"@type\":\"WebSite\",\"@id\":\"https:\/\/functiontranslator.com\/no\/#website\",\"url\":\"https:\/\/functiontranslator.com\/no\/\",\"name\":\"Function Translator\",\"description\":\"Excel function translator\",\"potentialAction\":[{\"@type\":\"SearchAction\",\"target\":{\"@type\":\"EntryPoint\",\"urlTemplate\":\"https:\/\/functiontranslator.com\/no\/?s={search_term_string}\"},\"query-input\":{\"@type\":\"PropertyValueSpecification\",\"valueRequired\":true,\"valueName\":\"search_term_string\"}}],\"inLanguage\":\"lv-LV\"}]}<\/script>\n<!-- \/ Yoast SEO plugin. -->","yoast_head_json":{"title":"Excel funkcijas ar tulkojumu ang\u013cu valod\u0101","description":"Funkciju saraksts ar Excel ar tulkojumiem 32 valod\u0101s. Funkciju tulkojumi tie\u0161saist\u0113.","robots":{"index":"index","follow":"follow","max-snippet":"max-snippet:-1","max-image-preview":"max-image-preview:large","max-video-preview":"max-video-preview:-1"},"canonical":"https:\/\/functiontranslator.com\/lv\/","og_locale":"lv_LV","og_type":"article","og_title":"Excel funkcijas ar tulkojumu ang\u013cu valod\u0101","og_description":"Funkciju saraksts ar Excel ar tulkojumiem 32 valod\u0101s. Funkciju tulkojumi tie\u0161saist\u0113.","og_url":"https:\/\/functiontranslator.com\/lv\/","og_site_name":"Function Translator","twitter_card":"summary_large_image","schema":{"@context":"https:\/\/schema.org","@graph":[{"@type":"WebPage","@id":"https:\/\/functiontranslator.com\/lv\/","url":"https:\/\/functiontranslator.com\/lv\/","name":"Excel funkcijas ar tulkojumu ang\u013cu valod\u0101","isPartOf":{"@id":"https:\/\/functiontranslator.com\/no\/#website"},"datePublished":"2021-02-22T05:32:20+00:00","dateModified":"2021-02-22T05:32:20+00:00","description":"Funkciju saraksts ar Excel ar tulkojumiem 32 valod\u0101s. Funkciju tulkojumi tie\u0161saist\u0113.","breadcrumb":{"@id":"https:\/\/functiontranslator.com\/lv\/#breadcrumb"},"inLanguage":"lv-LV","potentialAction":[{"@type":"ReadAction","target":["https:\/\/functiontranslator.com\/lv\/"]}]},{"@type":"BreadcrumbList","@id":"https:\/\/functiontranslator.com\/lv\/#breadcrumb","itemListElement":[{"@type":"ListItem","position":1,"name":"Excel funkcijas","item":"https:\/\/functiontranslator.com\/lv\/"},{"@type":"ListItem","position":2,"name":"Home"}]},{"@type":"WebSite","@id":"https:\/\/functiontranslator.com\/no\/#website","url":"https:\/\/functiontranslator.com\/no\/","name":"Function Translator","description":"Excel function translator","potentialAction":[{"@type":"SearchAction","target":{"@type":"EntryPoint","urlTemplate":"https:\/\/functiontranslator.com\/no\/?s={search_term_string}"},"query-input":{"@type":"PropertyValueSpecification","valueRequired":true,"valueName":"search_term_string"}}],"inLanguage":"lv-LV"}]}},"_links":{"self":[{"href":"https:\/\/functiontranslator.com\/lv\/wp-json\/wp\/v2\/pages\/9653","targetHints":{"allow":["GET"]}}],"collection":[{"href":"https:\/\/functiontranslator.com\/lv\/wp-json\/wp\/v2\/pages"}],"about":[{"href":"https:\/\/functiontranslator.com\/lv\/wp-json\/wp\/v2\/types\/page"}],"author":[{"embeddable":true,"href":"https:\/\/functiontranslator.com\/lv\/wp-json\/wp\/v2\/users\/1"}],"replies":[{"embeddable":true,"href":"https:\/\/functiontranslator.com\/lv\/wp-json\/wp\/v2\/comments?post=9653"}],"version-history":[{"count":1,"href":"https:\/\/functiontranslator.com\/lv\/wp-json\/wp\/v2\/pages\/9653\/revisions"}],"predecessor-version":[{"id":9662,"href":"https:\/\/functiontranslator.com\/lv\/wp-json\/wp\/v2\/pages\/9653\/revisions\/9662"}],"wp:attachment":[{"href":"https:\/\/functiontranslator.com\/lv\/wp-json\/wp\/v2\/media?parent=9653"}],"curies":[{"name":"wp","href":"https:\/\/api.w.org\/{rel}","templated":true}]}}