{"id":10259,"date":"2021-02-22T05:56:34","date_gmt":"2021-02-22T05:56:34","guid":{"rendered":"https:\/\/functiontranslator.com\/?page_id=10259"},"modified":"2021-02-22T05:56:34","modified_gmt":"2021-02-22T05:56:34","slug":"home","status":"publish","type":"page","link":"https:\/\/functiontranslator.com\/pl\/","title":{"rendered":"Home"},"content":{"rendered":"","protected":false},"excerpt":{"rendered":"","protected":false},"author":1,"featured_media":0,"parent":0,"menu_order":0,"comment_status":"closed","ping_status":"closed","template":"page-home.php","meta":{"footnotes":""},"class_list":["post-10259","page","type-page","status-publish","hentry"],"acf":[],"yoast_head":"<!-- This site is optimized with the Yoast SEO plugin v23.8 - https:\/\/yoast.com\/wordpress\/plugins\/seo\/ -->\n<title>Funkcje programu Excel z t\u0142umaczeniem na j\u0119zyk angielski<\/title>\n<meta name=\"description\" content=\"Lista funkcji programu Excel z t\u0142umaczeniami na 32 j\u0119zyki. T\u0142umaczenia funkcji online.\" \/>\n<meta name=\"robots\" content=\"index, follow, max-snippet:-1, max-image-preview:large, max-video-preview:-1\" \/>\n<link rel=\"canonical\" href=\"https:\/\/functiontranslator.com\/pl\/\" \/>\n<meta property=\"og:locale\" content=\"pl_PL\" \/>\n<meta property=\"og:type\" content=\"article\" \/>\n<meta property=\"og:title\" content=\"Funkcje programu Excel z t\u0142umaczeniem na j\u0119zyk angielski\" \/>\n<meta property=\"og:description\" content=\"Lista funkcji programu Excel z t\u0142umaczeniami na 32 j\u0119zyki. T\u0142umaczenia funkcji online.\" \/>\n<meta property=\"og:url\" content=\"https:\/\/functiontranslator.com\/pl\/\" \/>\n<meta property=\"og:site_name\" content=\"Function Translator\" \/>\n<meta name=\"twitter:card\" content=\"summary_large_image\" \/>\n<script type=\"application\/ld+json\" class=\"yoast-schema-graph\">{\"@context\":\"https:\/\/schema.org\",\"@graph\":[{\"@type\":\"WebPage\",\"@id\":\"https:\/\/functiontranslator.com\/pl\/\",\"url\":\"https:\/\/functiontranslator.com\/pl\/\",\"name\":\"Funkcje programu Excel z t\u0142umaczeniem na j\u0119zyk angielski\",\"isPartOf\":{\"@id\":\"https:\/\/functiontranslator.com\/no\/#website\"},\"datePublished\":\"2021-02-22T05:56:34+00:00\",\"dateModified\":\"2021-02-22T05:56:34+00:00\",\"description\":\"Lista funkcji programu Excel z t\u0142umaczeniami na 32 j\u0119zyki. T\u0142umaczenia funkcji online.\",\"breadcrumb\":{\"@id\":\"https:\/\/functiontranslator.com\/pl\/#breadcrumb\"},\"inLanguage\":\"pl-PL\",\"potentialAction\":[{\"@type\":\"ReadAction\",\"target\":[\"https:\/\/functiontranslator.com\/pl\/\"]}]},{\"@type\":\"BreadcrumbList\",\"@id\":\"https:\/\/functiontranslator.com\/pl\/#breadcrumb\",\"itemListElement\":[{\"@type\":\"ListItem\",\"position\":1,\"name\":\"Funkcje programu Excel\",\"item\":\"https:\/\/functiontranslator.com\/pl\/\"},{\"@type\":\"ListItem\",\"position\":2,\"name\":\"Home\"}]},{\"@type\":\"WebSite\",\"@id\":\"https:\/\/functiontranslator.com\/no\/#website\",\"url\":\"https:\/\/functiontranslator.com\/no\/\",\"name\":\"Function Translator\",\"description\":\"Excel function translator\",\"potentialAction\":[{\"@type\":\"SearchAction\",\"target\":{\"@type\":\"EntryPoint\",\"urlTemplate\":\"https:\/\/functiontranslator.com\/no\/?s={search_term_string}\"},\"query-input\":{\"@type\":\"PropertyValueSpecification\",\"valueRequired\":true,\"valueName\":\"search_term_string\"}}],\"inLanguage\":\"pl-PL\"}]}<\/script>\n<!-- \/ Yoast SEO plugin. -->","yoast_head_json":{"title":"Funkcje programu Excel z t\u0142umaczeniem na j\u0119zyk angielski","description":"Lista funkcji programu Excel z t\u0142umaczeniami na 32 j\u0119zyki. T\u0142umaczenia funkcji online.","robots":{"index":"index","follow":"follow","max-snippet":"max-snippet:-1","max-image-preview":"max-image-preview:large","max-video-preview":"max-video-preview:-1"},"canonical":"https:\/\/functiontranslator.com\/pl\/","og_locale":"pl_PL","og_type":"article","og_title":"Funkcje programu Excel z t\u0142umaczeniem na j\u0119zyk angielski","og_description":"Lista funkcji programu Excel z t\u0142umaczeniami na 32 j\u0119zyki. T\u0142umaczenia funkcji online.","og_url":"https:\/\/functiontranslator.com\/pl\/","og_site_name":"Function Translator","twitter_card":"summary_large_image","schema":{"@context":"https:\/\/schema.org","@graph":[{"@type":"WebPage","@id":"https:\/\/functiontranslator.com\/pl\/","url":"https:\/\/functiontranslator.com\/pl\/","name":"Funkcje programu Excel z t\u0142umaczeniem na j\u0119zyk angielski","isPartOf":{"@id":"https:\/\/functiontranslator.com\/no\/#website"},"datePublished":"2021-02-22T05:56:34+00:00","dateModified":"2021-02-22T05:56:34+00:00","description":"Lista funkcji programu Excel z t\u0142umaczeniami na 32 j\u0119zyki. T\u0142umaczenia funkcji online.","breadcrumb":{"@id":"https:\/\/functiontranslator.com\/pl\/#breadcrumb"},"inLanguage":"pl-PL","potentialAction":[{"@type":"ReadAction","target":["https:\/\/functiontranslator.com\/pl\/"]}]},{"@type":"BreadcrumbList","@id":"https:\/\/functiontranslator.com\/pl\/#breadcrumb","itemListElement":[{"@type":"ListItem","position":1,"name":"Funkcje programu Excel","item":"https:\/\/functiontranslator.com\/pl\/"},{"@type":"ListItem","position":2,"name":"Home"}]},{"@type":"WebSite","@id":"https:\/\/functiontranslator.com\/no\/#website","url":"https:\/\/functiontranslator.com\/no\/","name":"Function Translator","description":"Excel function translator","potentialAction":[{"@type":"SearchAction","target":{"@type":"EntryPoint","urlTemplate":"https:\/\/functiontranslator.com\/no\/?s={search_term_string}"},"query-input":{"@type":"PropertyValueSpecification","valueRequired":true,"valueName":"search_term_string"}}],"inLanguage":"pl-PL"}]}},"_links":{"self":[{"href":"https:\/\/functiontranslator.com\/pl\/wp-json\/wp\/v2\/pages\/10259","targetHints":{"allow":["GET"]}}],"collection":[{"href":"https:\/\/functiontranslator.com\/pl\/wp-json\/wp\/v2\/pages"}],"about":[{"href":"https:\/\/functiontranslator.com\/pl\/wp-json\/wp\/v2\/types\/page"}],"author":[{"embeddable":true,"href":"https:\/\/functiontranslator.com\/pl\/wp-json\/wp\/v2\/users\/1"}],"replies":[{"embeddable":true,"href":"https:\/\/functiontranslator.com\/pl\/wp-json\/wp\/v2\/comments?post=10259"}],"version-history":[{"count":1,"href":"https:\/\/functiontranslator.com\/pl\/wp-json\/wp\/v2\/pages\/10259\/revisions"}],"predecessor-version":[{"id":10268,"href":"https:\/\/functiontranslator.com\/pl\/wp-json\/wp\/v2\/pages\/10259\/revisions\/10268"}],"wp:attachment":[{"href":"https:\/\/functiontranslator.com\/pl\/wp-json\/wp\/v2\/media?parent=10259"}],"curies":[{"name":"wp","href":"https:\/\/api.w.org\/{rel}","templated":true}]}}