{"id":11205,"date":"2021-02-22T06:41:19","date_gmt":"2021-02-22T06:41:19","guid":{"rendered":"https:\/\/functiontranslator.com\/?page_id=11205"},"modified":"2021-02-22T06:41:19","modified_gmt":"2021-02-22T06:41:19","slug":"home","status":"publish","type":"page","link":"https:\/\/functiontranslator.com\/pt-pt\/","title":{"rendered":"Home"},"content":{"rendered":"","protected":false},"excerpt":{"rendered":"","protected":false},"author":1,"featured_media":0,"parent":0,"menu_order":0,"comment_status":"closed","ping_status":"closed","template":"page-home.php","meta":{"footnotes":""},"class_list":["post-11205","page","type-page","status-publish","hentry"],"acf":[],"yoast_head":"<!-- This site is optimized with the Yoast SEO plugin v23.8 - https:\/\/yoast.com\/wordpress\/plugins\/seo\/ -->\n<title>Fun\u00e7\u00f5es do Excel com tradu\u00e7\u00e3o para o ingl\u00eas<\/title>\n<meta name=\"description\" content=\"Lista de fun\u00e7\u00f5es com Excel com tradu\u00e7\u00f5es em 32 idiomas. Tradu\u00e7\u00f5es online de fun\u00e7\u00f5es.\" \/>\n<meta name=\"robots\" content=\"index, follow, max-snippet:-1, max-image-preview:large, max-video-preview:-1\" \/>\n<link rel=\"canonical\" href=\"https:\/\/functiontranslator.com\/pt-pt\/\" \/>\n<meta property=\"og:locale\" content=\"pt_PT\" \/>\n<meta property=\"og:type\" content=\"article\" \/>\n<meta property=\"og:title\" content=\"Fun\u00e7\u00f5es do Excel com tradu\u00e7\u00e3o para o ingl\u00eas\" \/>\n<meta property=\"og:description\" content=\"Lista de fun\u00e7\u00f5es com Excel com tradu\u00e7\u00f5es em 32 idiomas. Tradu\u00e7\u00f5es online de fun\u00e7\u00f5es.\" \/>\n<meta property=\"og:url\" content=\"https:\/\/functiontranslator.com\/pt-pt\/\" \/>\n<meta property=\"og:site_name\" content=\"Function Translator\" \/>\n<meta name=\"twitter:card\" content=\"summary_large_image\" \/>\n<script type=\"application\/ld+json\" class=\"yoast-schema-graph\">{\"@context\":\"https:\/\/schema.org\",\"@graph\":[{\"@type\":\"WebPage\",\"@id\":\"https:\/\/functiontranslator.com\/pt-pt\/\",\"url\":\"https:\/\/functiontranslator.com\/pt-pt\/\",\"name\":\"Fun\u00e7\u00f5es do Excel com tradu\u00e7\u00e3o para o ingl\u00eas\",\"isPartOf\":{\"@id\":\"https:\/\/functiontranslator.com\/no\/#website\"},\"datePublished\":\"2021-02-22T06:41:19+00:00\",\"dateModified\":\"2021-02-22T06:41:19+00:00\",\"description\":\"Lista de fun\u00e7\u00f5es com Excel com tradu\u00e7\u00f5es em 32 idiomas. Tradu\u00e7\u00f5es online de fun\u00e7\u00f5es.\",\"breadcrumb\":{\"@id\":\"https:\/\/functiontranslator.com\/pt-pt\/#breadcrumb\"},\"inLanguage\":\"pt-PT\",\"potentialAction\":[{\"@type\":\"ReadAction\",\"target\":[\"https:\/\/functiontranslator.com\/pt-pt\/\"]}]},{\"@type\":\"BreadcrumbList\",\"@id\":\"https:\/\/functiontranslator.com\/pt-pt\/#breadcrumb\",\"itemListElement\":[{\"@type\":\"ListItem\",\"position\":1,\"name\":\"Fun\u00e7\u00f5es do Excel\",\"item\":\"https:\/\/functiontranslator.com\/pt-pt\/\"},{\"@type\":\"ListItem\",\"position\":2,\"name\":\"Home\"}]},{\"@type\":\"WebSite\",\"@id\":\"https:\/\/functiontranslator.com\/no\/#website\",\"url\":\"https:\/\/functiontranslator.com\/no\/\",\"name\":\"Function Translator\",\"description\":\"Excel function translator\",\"potentialAction\":[{\"@type\":\"SearchAction\",\"target\":{\"@type\":\"EntryPoint\",\"urlTemplate\":\"https:\/\/functiontranslator.com\/no\/?s={search_term_string}\"},\"query-input\":{\"@type\":\"PropertyValueSpecification\",\"valueRequired\":true,\"valueName\":\"search_term_string\"}}],\"inLanguage\":\"pt-PT\"}]}<\/script>\n<!-- \/ Yoast SEO plugin. -->","yoast_head_json":{"title":"Fun\u00e7\u00f5es do Excel com tradu\u00e7\u00e3o para o ingl\u00eas","description":"Lista de fun\u00e7\u00f5es com Excel com tradu\u00e7\u00f5es em 32 idiomas. Tradu\u00e7\u00f5es online de fun\u00e7\u00f5es.","robots":{"index":"index","follow":"follow","max-snippet":"max-snippet:-1","max-image-preview":"max-image-preview:large","max-video-preview":"max-video-preview:-1"},"canonical":"https:\/\/functiontranslator.com\/pt-pt\/","og_locale":"pt_PT","og_type":"article","og_title":"Fun\u00e7\u00f5es do Excel com tradu\u00e7\u00e3o para o ingl\u00eas","og_description":"Lista de fun\u00e7\u00f5es com Excel com tradu\u00e7\u00f5es em 32 idiomas. Tradu\u00e7\u00f5es online de fun\u00e7\u00f5es.","og_url":"https:\/\/functiontranslator.com\/pt-pt\/","og_site_name":"Function Translator","twitter_card":"summary_large_image","schema":{"@context":"https:\/\/schema.org","@graph":[{"@type":"WebPage","@id":"https:\/\/functiontranslator.com\/pt-pt\/","url":"https:\/\/functiontranslator.com\/pt-pt\/","name":"Fun\u00e7\u00f5es do Excel com tradu\u00e7\u00e3o para o ingl\u00eas","isPartOf":{"@id":"https:\/\/functiontranslator.com\/no\/#website"},"datePublished":"2021-02-22T06:41:19+00:00","dateModified":"2021-02-22T06:41:19+00:00","description":"Lista de fun\u00e7\u00f5es com Excel com tradu\u00e7\u00f5es em 32 idiomas. Tradu\u00e7\u00f5es online de fun\u00e7\u00f5es.","breadcrumb":{"@id":"https:\/\/functiontranslator.com\/pt-pt\/#breadcrumb"},"inLanguage":"pt-PT","potentialAction":[{"@type":"ReadAction","target":["https:\/\/functiontranslator.com\/pt-pt\/"]}]},{"@type":"BreadcrumbList","@id":"https:\/\/functiontranslator.com\/pt-pt\/#breadcrumb","itemListElement":[{"@type":"ListItem","position":1,"name":"Fun\u00e7\u00f5es do Excel","item":"https:\/\/functiontranslator.com\/pt-pt\/"},{"@type":"ListItem","position":2,"name":"Home"}]},{"@type":"WebSite","@id":"https:\/\/functiontranslator.com\/no\/#website","url":"https:\/\/functiontranslator.com\/no\/","name":"Function Translator","description":"Excel function translator","potentialAction":[{"@type":"SearchAction","target":{"@type":"EntryPoint","urlTemplate":"https:\/\/functiontranslator.com\/no\/?s={search_term_string}"},"query-input":{"@type":"PropertyValueSpecification","valueRequired":true,"valueName":"search_term_string"}}],"inLanguage":"pt-PT"}]}},"_links":{"self":[{"href":"https:\/\/functiontranslator.com\/pt-pt\/wp-json\/wp\/v2\/pages\/11205","targetHints":{"allow":["GET"]}}],"collection":[{"href":"https:\/\/functiontranslator.com\/pt-pt\/wp-json\/wp\/v2\/pages"}],"about":[{"href":"https:\/\/functiontranslator.com\/pt-pt\/wp-json\/wp\/v2\/types\/page"}],"author":[{"embeddable":true,"href":"https:\/\/functiontranslator.com\/pt-pt\/wp-json\/wp\/v2\/users\/1"}],"replies":[{"embeddable":true,"href":"https:\/\/functiontranslator.com\/pt-pt\/wp-json\/wp\/v2\/comments?post=11205"}],"version-history":[{"count":1,"href":"https:\/\/functiontranslator.com\/pt-pt\/wp-json\/wp\/v2\/pages\/11205\/revisions"}],"predecessor-version":[{"id":11206,"href":"https:\/\/functiontranslator.com\/pt-pt\/wp-json\/wp\/v2\/pages\/11205\/revisions\/11206"}],"wp:attachment":[{"href":"https:\/\/functiontranslator.com\/pt-pt\/wp-json\/wp\/v2\/media?parent=11205"}],"curies":[{"name":"wp","href":"https:\/\/api.w.org\/{rel}","templated":true}]}}