{"id":13315,"date":"2021-02-22T18:17:33","date_gmt":"2021-02-22T18:17:33","guid":{"rendered":"https:\/\/functiontranslator.com\/?page_id=13315"},"modified":"2021-02-22T18:17:33","modified_gmt":"2021-02-22T18:17:33","slug":"home","status":"publish","type":"page","link":"https:\/\/functiontranslator.com\/sk\/","title":{"rendered":"Home"},"content":{"rendered":"","protected":false},"excerpt":{"rendered":"","protected":false},"author":1,"featured_media":0,"parent":0,"menu_order":0,"comment_status":"closed","ping_status":"closed","template":"page-home.php","meta":{"footnotes":""},"class_list":["post-13315","page","type-page","status-publish","hentry"],"acf":[],"yoast_head":"<!-- This site is optimized with the Yoast SEO plugin v23.8 - https:\/\/yoast.com\/wordpress\/plugins\/seo\/ -->\n<title>Funkcie programu Excel s prekladom do angli\u010dtiny<\/title>\n<meta name=\"description\" content=\"Zoznam funkci\u00ed v programe Excel s prekladmi do 32 jazykov. Online preklady funkci\u00ed.\" \/>\n<meta name=\"robots\" content=\"index, follow, max-snippet:-1, max-image-preview:large, max-video-preview:-1\" \/>\n<link rel=\"canonical\" href=\"https:\/\/functiontranslator.com\/sk\/\" \/>\n<meta property=\"og:locale\" content=\"sk_SK\" \/>\n<meta property=\"og:type\" content=\"article\" \/>\n<meta property=\"og:title\" content=\"Funkcie programu Excel s prekladom do angli\u010dtiny\" \/>\n<meta property=\"og:description\" content=\"Zoznam funkci\u00ed v programe Excel s prekladmi do 32 jazykov. Online preklady funkci\u00ed.\" \/>\n<meta property=\"og:url\" content=\"https:\/\/functiontranslator.com\/sk\/\" \/>\n<meta property=\"og:site_name\" content=\"Function Translator\" \/>\n<meta name=\"twitter:card\" content=\"summary_large_image\" \/>\n<script type=\"application\/ld+json\" class=\"yoast-schema-graph\">{\"@context\":\"https:\/\/schema.org\",\"@graph\":[{\"@type\":\"WebPage\",\"@id\":\"https:\/\/functiontranslator.com\/sk\/\",\"url\":\"https:\/\/functiontranslator.com\/sk\/\",\"name\":\"Funkcie programu Excel s prekladom do angli\u010dtiny\",\"isPartOf\":{\"@id\":\"https:\/\/functiontranslator.com\/no\/#website\"},\"datePublished\":\"2021-02-22T18:17:33+00:00\",\"dateModified\":\"2021-02-22T18:17:33+00:00\",\"description\":\"Zoznam funkci\u00ed v programe Excel s prekladmi do 32 jazykov. Online preklady funkci\u00ed.\",\"breadcrumb\":{\"@id\":\"https:\/\/functiontranslator.com\/sk\/#breadcrumb\"},\"inLanguage\":\"sk-SK\",\"potentialAction\":[{\"@type\":\"ReadAction\",\"target\":[\"https:\/\/functiontranslator.com\/sk\/\"]}]},{\"@type\":\"BreadcrumbList\",\"@id\":\"https:\/\/functiontranslator.com\/sk\/#breadcrumb\",\"itemListElement\":[{\"@type\":\"ListItem\",\"position\":1,\"name\":\"Funkcie programu Excel\",\"item\":\"https:\/\/functiontranslator.com\/sk\/\"},{\"@type\":\"ListItem\",\"position\":2,\"name\":\"Home\"}]},{\"@type\":\"WebSite\",\"@id\":\"https:\/\/functiontranslator.com\/no\/#website\",\"url\":\"https:\/\/functiontranslator.com\/no\/\",\"name\":\"Function Translator\",\"description\":\"Excel function translator\",\"potentialAction\":[{\"@type\":\"SearchAction\",\"target\":{\"@type\":\"EntryPoint\",\"urlTemplate\":\"https:\/\/functiontranslator.com\/no\/?s={search_term_string}\"},\"query-input\":{\"@type\":\"PropertyValueSpecification\",\"valueRequired\":true,\"valueName\":\"search_term_string\"}}],\"inLanguage\":\"sk-SK\"}]}<\/script>\n<!-- \/ Yoast SEO plugin. -->","yoast_head_json":{"title":"Funkcie programu Excel s prekladom do angli\u010dtiny","description":"Zoznam funkci\u00ed v programe Excel s prekladmi do 32 jazykov. Online preklady funkci\u00ed.","robots":{"index":"index","follow":"follow","max-snippet":"max-snippet:-1","max-image-preview":"max-image-preview:large","max-video-preview":"max-video-preview:-1"},"canonical":"https:\/\/functiontranslator.com\/sk\/","og_locale":"sk_SK","og_type":"article","og_title":"Funkcie programu Excel s prekladom do angli\u010dtiny","og_description":"Zoznam funkci\u00ed v programe Excel s prekladmi do 32 jazykov. Online preklady funkci\u00ed.","og_url":"https:\/\/functiontranslator.com\/sk\/","og_site_name":"Function Translator","twitter_card":"summary_large_image","schema":{"@context":"https:\/\/schema.org","@graph":[{"@type":"WebPage","@id":"https:\/\/functiontranslator.com\/sk\/","url":"https:\/\/functiontranslator.com\/sk\/","name":"Funkcie programu Excel s prekladom do angli\u010dtiny","isPartOf":{"@id":"https:\/\/functiontranslator.com\/no\/#website"},"datePublished":"2021-02-22T18:17:33+00:00","dateModified":"2021-02-22T18:17:33+00:00","description":"Zoznam funkci\u00ed v programe Excel s prekladmi do 32 jazykov. Online preklady funkci\u00ed.","breadcrumb":{"@id":"https:\/\/functiontranslator.com\/sk\/#breadcrumb"},"inLanguage":"sk-SK","potentialAction":[{"@type":"ReadAction","target":["https:\/\/functiontranslator.com\/sk\/"]}]},{"@type":"BreadcrumbList","@id":"https:\/\/functiontranslator.com\/sk\/#breadcrumb","itemListElement":[{"@type":"ListItem","position":1,"name":"Funkcie programu Excel","item":"https:\/\/functiontranslator.com\/sk\/"},{"@type":"ListItem","position":2,"name":"Home"}]},{"@type":"WebSite","@id":"https:\/\/functiontranslator.com\/no\/#website","url":"https:\/\/functiontranslator.com\/no\/","name":"Function Translator","description":"Excel function translator","potentialAction":[{"@type":"SearchAction","target":{"@type":"EntryPoint","urlTemplate":"https:\/\/functiontranslator.com\/no\/?s={search_term_string}"},"query-input":{"@type":"PropertyValueSpecification","valueRequired":true,"valueName":"search_term_string"}}],"inLanguage":"sk-SK"}]}},"_links":{"self":[{"href":"https:\/\/functiontranslator.com\/sk\/wp-json\/wp\/v2\/pages\/13315","targetHints":{"allow":["GET"]}}],"collection":[{"href":"https:\/\/functiontranslator.com\/sk\/wp-json\/wp\/v2\/pages"}],"about":[{"href":"https:\/\/functiontranslator.com\/sk\/wp-json\/wp\/v2\/types\/page"}],"author":[{"embeddable":true,"href":"https:\/\/functiontranslator.com\/sk\/wp-json\/wp\/v2\/users\/1"}],"replies":[{"embeddable":true,"href":"https:\/\/functiontranslator.com\/sk\/wp-json\/wp\/v2\/comments?post=13315"}],"version-history":[{"count":1,"href":"https:\/\/functiontranslator.com\/sk\/wp-json\/wp\/v2\/pages\/13315\/revisions"}],"predecessor-version":[{"id":13316,"href":"https:\/\/functiontranslator.com\/sk\/wp-json\/wp\/v2\/pages\/13315\/revisions\/13316"}],"wp:attachment":[{"href":"https:\/\/functiontranslator.com\/sk\/wp-json\/wp\/v2\/media?parent=13315"}],"curies":[{"name":"wp","href":"https:\/\/api.w.org\/{rel}","templated":true}]}}